{"id":2495,"date":"2025-01-07T14:07:58","date_gmt":"2025-01-07T06:07:58","guid":{"rendered":"https:\/\/vivatape.com\/?page_id=2495"},"modified":"2025-01-07T14:09:44","modified_gmt":"2025-01-07T06:09:44","slug":"termini-e-condizioni","status":"publish","type":"page","link":"https:\/\/vivatape.com\/it\/terms-conditions\/","title":{"rendered":"Termini e condizioni"},"content":{"rendered":"<div data-elementor-type=\"wp-page\" data-elementor-id=\"2495\" class=\"elementor elementor-2495\" data-elementor-post-type=\"page\">\n\t\t\t\t<div class=\"elementor-element elementor-element-36e28cc e-flex e-con-boxed e-con e-parent\" data-id=\"36e28cc\" data-element_type=\"container\" data-e-type=\"container\">\n\t\t\t\t\t<div class=\"e-con-inner\">\n\t\t\t\t<div class=\"elementor-element elementor-element-158e01d elementor-widget elementor-widget-text-editor\" data-id=\"158e01d\" data-element_type=\"widget\" data-e-type=\"widget\" data-widget_type=\"text-editor.default\">\n\t\t\t\t<div class=\"elementor-widget-container\">\n\t\t\t\t\t\t\t\t\t<h1>Termini e condizioni<\/h1><p>Benvenuti a Viva Tape!<\/p><p>I presenti termini e condizioni definiscono le norme e i regolamenti per l'utilizzo del sito web di Viva Tape, situato all'indirizzo <a href=\"https:\/\/vivatape.com\/it\/\">https:\/\/vivatape.com\/<\/a>.<\/p><p>Accedendo a questo sito web, si presume che accettiate questi termini e condizioni. Non continuare a utilizzare Viva Tape se non si accettano tutti i termini e le condizioni indicati in questa pagina.<\/p><hr \/><h3>Biscotti<\/h3><p>Questo sito web utilizza i cookie per personalizzare la vostra esperienza online. Accedendo a Viva Tape, l'utente accetta l'uso dei cookie richiesti.<\/p><p>Un cookie \u00e8 un file di testo che viene collocato sul disco rigido da un server di pagine Web. I cookie non possono essere utilizzati per eseguire programmi o trasmettere virus al computer dell'utente. I cookie sono assegnati in modo univoco all'utente e possono essere letti solo da un server Web del dominio che ha emesso il cookie.<\/p><p>Possiamo utilizzare i cookie per raccogliere, memorizzare e tracciare informazioni a fini statistici o di marketing per il funzionamento del nostro sito web. L'utente pu\u00f2 accettare o rifiutare i cookie opzionali. I cookie necessari per il funzionamento del nostro sito web non richiedono il vostro consenso. Si noti che l'accettazione dei cookie obbligatori implica anche l'accettazione di cookie di terze parti utilizzati da servizi integrati, come le finestre di visualizzazione video fornite da terzi.<\/p><hr \/><h3>Licenza<\/h3><p>Se non diversamente specificato, Viva Tape e\/o i suoi licenziatari detengono i diritti di propriet\u00e0 intellettuale per tutto il materiale presente su Viva Tape. Tutti i diritti di propriet\u00e0 intellettuale sono riservati. \u00c8 possibile accedere a questo materiale da Viva Tape per uso personale, nel rispetto delle restrizioni stabilite in questi termini e condizioni.<\/p><p>Non si deve:<\/p><ul><li>Copiare o ripubblicare materiale da Viva Tape<\/li><li>Vendere, affittare o concedere in sub-licenza materiale di Viva Tape<\/li><li>Riprodurre, duplicare o copiare materiale da Viva Tape.<\/li><li>Ridistribuire i contenuti di Viva Tape<\/li><\/ul><p>Il presente Accordo decorre dalla data del presente documento.<\/p><hr \/><h3>Commenti degli utenti<\/h3><p>Alcune parti di questo sito web possono consentire agli utenti di pubblicare e scambiare opinioni e informazioni. Viva Tape non filtra, modifica, pubblica o rivede i commenti prima della loro apparizione sul sito web. I commenti riflettono le opinioni della persona che li pubblica e non le opinioni di Viva Tape, dei suoi agenti o affiliati.<\/p><p>Nella misura consentita dalle leggi vigenti, Viva Tape non sar\u00e0 responsabile di eventuali responsabilit\u00e0, danni o spese causati dall'uso e\/o dalla pubblicazione e\/o dall'apparizione dei commenti su questo sito web.<\/p><p>L'utente garantisce e dichiara che:<\/p><ul><li>L'utente \u00e8 autorizzato a pubblicare commenti sul nostro sito web e dispone di tutte le licenze e i consensi necessari per farlo.<\/li><li>I commenti non violano alcun diritto di propriet\u00e0 intellettuale, compresi, ma non solo, diritti d'autore, brevetti o marchi di terzi.<\/li><li>I commenti non contengono materiale diffamatorio, offensivo, indecente o altrimenti illegale.<\/li><li>I commenti non saranno utilizzati per sollecitare o promuovere attivit\u00e0 commerciali, consuetudini o attivit\u00e0 illecite.<\/li><\/ul><p>L'utente concede a Viva Tape una licenza non esclusiva per utilizzare, riprodurre, modificare e autorizzare altri a utilizzare, riprodurre e modificare i suoi commenti in qualsiasi forma, formato o media.<\/p><hr \/><h3>Collegamento ipertestuale ai nostri contenuti<\/h3><p>Le seguenti organizzazioni possono collegarsi al nostro sito web senza previa approvazione scritta:<\/p><ul><li>Agenzie governative<\/li><li>Motori di ricerca<\/li><li>Organizzazioni giornalistiche<\/li><li>Distributori di elenchi online<\/li><li>Aziende accreditate a livello di sistema, escluse le organizzazioni no-profit di sollecitazione, i centri commerciali di beneficenza e i gruppi di raccolta fondi di beneficenza.<\/li><\/ul><p>Queste organizzazioni possono inserire un link alla nostra home page, alle nostre pubblicazioni o ad altre informazioni del sito web, a condizione che il link: (a) non sia ingannevole; (b) non implichi falsamente una sponsorizzazione o un'approvazione; e (c) si inserisca nel contesto del sito del linkante.<\/p><p>Possiamo approvare le richieste di link da parte di altre organizzazioni se:<\/p><ul><li>Il link non ci fa apparire sfavorevoli a noi stessi o alle nostre aziende accreditate.<\/li><li>L'organizzazione non ha precedenti negativi con noi.<\/li><li>La visibilit\u00e0 del collegamento ipertestuale compensa l'assenza di Viva Tape.<\/li><li>Il link si inserisce nel contesto delle informazioni generali sulle risorse.<\/li><\/ul><p>Le organizzazioni autorizzate possono collegarsi al nostro sito web come segue:<\/p><ul><li>Con l'uso della nostra denominazione sociale.<\/li><li>Utilizzando il localizzatore uniforme di risorse (URL).<\/li><li>Utilizzando qualsiasi altra descrizione che abbia senso nel contesto e nel formato del sito del linkante.<\/li><\/ul><p>Non \u00e8 consentito l'uso del logo di Viva Tape o di altre opere d'arte senza un accordo di licenza del marchio.<\/p><hr \/><h3>Responsabilit\u00e0 del contenuto<\/h3><p>Non siamo responsabili per i contenuti che appaiono sul vostro sito web. L'utente accetta di proteggerci e difenderci da eventuali reclami derivanti dal suo sito web. Nessun link deve comparire su alcun sito web che possa essere interpretato come diffamatorio, osceno o criminale, o che infranga, violi in altro modo o sostenga la violazione di diritti di terzi.<\/p><hr \/><h3>Esclusione di responsabilit\u00e0<\/h3><p>Nella misura massima consentita dalla legge applicabile, escludiamo tutte le dichiarazioni, garanzie e condizioni relative al nostro sito web e al suo utilizzo. Nulla di quanto contenuto nella presente clausola di esclusione della responsabilit\u00e0:<\/p><ul><li>Limitare o escludere la nostra o la vostra responsabilit\u00e0 per morte o lesioni personali.<\/li><li>Limitare o escludere la nostra o la vostra responsabilit\u00e0 per frode o falsa dichiarazione fraudolenta.<\/li><li>Limitare le responsabilit\u00e0 in qualsiasi modo che non sia consentito dalle leggi vigenti.<\/li><li>Escludere le responsabilit\u00e0 che non possono essere escluse ai sensi della legge applicabile.<\/li><\/ul><p>Le limitazioni e i divieti di responsabilit\u00e0 di cui alla presente sezione disciplinano tutte le responsabilit\u00e0 derivanti dalla presente clausola di esclusione della responsabilit\u00e0, comprese le responsabilit\u00e0 derivanti da contratto, illecito civile o violazione di obblighi di legge.<\/p><p>Finch\u00e9 il sito web e le informazioni e i servizi presenti sul sito web sono forniti gratuitamente, non saremo responsabili di eventuali perdite o danni di qualsiasi natura.<\/p>\t\t\t\t\t\t\t\t<\/div>\n\t\t\t\t<\/div>\n\t\t\t\t\t<\/div>\n\t\t\t\t<\/div>\n\t\t\t\t<\/div>","protected":false},"excerpt":{"rendered":"<p>Terms &amp; Conditions Welcome to Viva Tape! These terms and conditions outline the rules and regulations for the use of Viva Tape\u2019s Website, located at https:\/\/vivatape.com\/. By accessing this website, we assume you accept these terms and conditions. Do not continue to use Viva Tape if you do not agree to take all of the [&hellip;]<\/p>\n","protected":false},"author":1,"featured_media":0,"parent":0,"menu_order":0,"comment_status":"closed","ping_status":"closed","template":"","meta":{"_seopress_robots_primary_cat":"","_seopress_titles_title":"","_seopress_titles_desc":"","_seopress_robots_index":"","footnotes":""},"class_list":["post-2495","page","type-page","status-publish","hentry"],"_links":{"self":[{"href":"https:\/\/vivatape.com\/it\/wp-json\/wp\/v2\/pages\/2495","targetHints":{"allow":["GET"]}}],"collection":[{"href":"https:\/\/vivatape.com\/it\/wp-json\/wp\/v2\/pages"}],"about":[{"href":"https:\/\/vivatape.com\/it\/wp-json\/wp\/v2\/types\/page"}],"author":[{"embeddable":true,"href":"https:\/\/vivatape.com\/it\/wp-json\/wp\/v2\/users\/1"}],"replies":[{"embeddable":true,"href":"https:\/\/vivatape.com\/it\/wp-json\/wp\/v2\/comments?post=2495"}],"version-history":[{"count":4,"href":"https:\/\/vivatape.com\/it\/wp-json\/wp\/v2\/pages\/2495\/revisions"}],"predecessor-version":[{"id":2501,"href":"https:\/\/vivatape.com\/it\/wp-json\/wp\/v2\/pages\/2495\/revisions\/2501"}],"wp:attachment":[{"href":"https:\/\/vivatape.com\/it\/wp-json\/wp\/v2\/media?parent=2495"}],"curies":[{"name":"wp","href":"https:\/\/api.w.org\/{rel}","templated":true}]}}