{"id":2495,"date":"2025-01-07T14:07:58","date_gmt":"2025-01-07T06:07:58","guid":{"rendered":"https:\/\/vivatape.com\/?page_id=2495"},"modified":"2025-01-07T14:09:44","modified_gmt":"2025-01-07T06:09:44","slug":"conditions-generales","status":"publish","type":"page","link":"https:\/\/vivatape.com\/fr\/terms-conditions\/","title":{"rendered":"Conditions g\u00e9n\u00e9rales d'utilisation"},"content":{"rendered":"<div data-elementor-type=\"wp-page\" data-elementor-id=\"2495\" class=\"elementor elementor-2495\" data-elementor-post-type=\"page\">\n\t\t\t\t<div class=\"elementor-element elementor-element-36e28cc e-flex e-con-boxed e-con e-parent\" data-id=\"36e28cc\" data-element_type=\"container\" data-e-type=\"container\">\n\t\t\t\t\t<div class=\"e-con-inner\">\n\t\t\t\t<div class=\"elementor-element elementor-element-158e01d elementor-widget elementor-widget-text-editor\" data-id=\"158e01d\" data-element_type=\"widget\" data-e-type=\"widget\" data-widget_type=\"text-editor.default\">\n\t\t\t\t<div class=\"elementor-widget-container\">\n\t\t\t\t\t\t\t\t\t<h1>Conditions g\u00e9n\u00e9rales d'utilisation<\/h1><p>Bienvenue \u00e0 Viva Tape !<\/p><p>Les pr\u00e9sentes conditions g\u00e9n\u00e9rales d\u00e9finissent les r\u00e8gles d'utilisation du site web de Viva Tape, situ\u00e9 \u00e0 l'adresse suivante <a href=\"https:\/\/vivatape.com\/fr\/\">https:\/\/vivatape.com\/<\/a>.<\/p><p>En acc\u00e9dant \u00e0 ce site web, nous supposons que vous acceptez ces termes et conditions. Ne continuez pas \u00e0 utiliser Viva Tape si vous n'acceptez pas toutes les conditions g\u00e9n\u00e9rales \u00e9nonc\u00e9es sur cette page.<\/p><hr \/><h3>Cookies<\/h3><p>Ce site web utilise des cookies pour personnaliser votre exp\u00e9rience en ligne. En acc\u00e9dant \u00e0 Viva Tape, vous acceptez l'utilisation des cookies n\u00e9cessaires.<\/p><p>Un cookie est un fichier texte plac\u00e9 sur votre disque dur par un serveur de pages web. Les cookies ne peuvent pas \u00eatre utilis\u00e9s pour ex\u00e9cuter des programmes ou transmettre des virus \u00e0 votre ordinateur. Les cookies vous sont attribu\u00e9s de mani\u00e8re unique et ne peuvent \u00eatre lus que par un serveur web du domaine qui a \u00e9mis le cookie.<\/p><p>Nous pouvons utiliser des cookies pour collecter, stocker et suivre des informations \u00e0 des fins statistiques ou de marketing pour faire fonctionner notre site web. Vous pouvez accepter ou refuser les cookies facultatifs. Les cookies n\u00e9cessaires au fonctionnement de notre site web ne requi\u00e8rent pas votre consentement. Veuillez noter que l'acceptation des cookies obligatoires implique \u00e9galement l'acceptation de cookies tiers utilis\u00e9s par des services int\u00e9gr\u00e9s, tels que les fen\u00eatres d'affichage vid\u00e9o fournies par des tiers.<\/p><hr \/><h3>Licence<\/h3><p>Sauf indication contraire, Viva Tape et\/ou ses conc\u00e9dants de licence d\u00e9tiennent les droits de propri\u00e9t\u00e9 intellectuelle pour l'ensemble du contenu de Viva Tape. Tous les droits de propri\u00e9t\u00e9 intellectuelle sont r\u00e9serv\u00e9s. Vous pouvez acc\u00e9der \u00e0 ce site de Viva Tape pour votre usage personnel, sous r\u00e9serve des restrictions \u00e9nonc\u00e9es dans les pr\u00e9sentes conditions g\u00e9n\u00e9rales.<\/p><p>Vous ne devez pas :<\/p><ul><li>Copier ou republier du mat\u00e9riel de Viva Tape<\/li><li>Vendre, louer ou accorder des sous-licences pour le mat\u00e9riel de Viva Tape<\/li><li>reproduire, dupliquer ou copier le mat\u00e9riel de Viva Tape<\/li><li>Redistribuer le contenu de Viva Tape<\/li><\/ul><p>Le pr\u00e9sent accord prend effet \u00e0 la date du pr\u00e9sent accord.<\/p><hr \/><h3>Commentaires des utilisateurs<\/h3><p>Certaines parties de ce site web peuvent permettre aux utilisateurs de publier et d'\u00e9changer des opinions et des informations. Viva Tape ne filtre pas, n'\u00e9dite pas, ne publie pas et n'examine pas les commentaires avant qu'ils n'apparaissent sur le site web. Les commentaires refl\u00e8tent les opinions de la personne qui les publie et non celles de Viva Tape, de ses agents ou de ses soci\u00e9t\u00e9s affili\u00e9es.<\/p><p>Dans la mesure o\u00f9 les lois applicables le permettent, Viva Tape ne peut \u00eatre tenue responsable de toute responsabilit\u00e9, de tout dommage ou de toute d\u00e9pense r\u00e9sultant de l'utilisation et\/ou de la publication et\/ou de l'apparition des commentaires sur ce site web.<\/p><p>Vous garantissez et d\u00e9clarez que<\/p><ul><li>Vous avez le droit de publier des commentaires sur notre site web et disposez de toutes les licences et autorisations n\u00e9cessaires pour le faire.<\/li><li>Les commentaires ne portent pas atteinte aux droits de propri\u00e9t\u00e9 intellectuelle, y compris, mais sans s'y limiter, aux droits d'auteur, aux brevets ou aux marques d\u00e9pos\u00e9es d'un tiers.<\/li><li>Les commentaires ne contiennent pas d'\u00e9l\u00e9ments diffamatoires, offensants, ind\u00e9cents ou autrement ill\u00e9gaux.<\/li><li>Les commentaires ne seront pas utilis\u00e9s pour solliciter ou promouvoir des affaires, des coutumes ou des activit\u00e9s ill\u00e9gales.<\/li><\/ul><p>Par la pr\u00e9sente, vous accordez \u00e0 Viva Tape une licence non exclusive lui permettant d'utiliser, de reproduire, de modifier et d'autoriser d'autres personnes \u00e0 utiliser, \u00e0 reproduire et \u00e0 modifier vos commentaires sous toutes les formes, dans tous les formats et dans tous les m\u00e9dias.<\/p><hr \/><h3>Hyperliens vers notre contenu<\/h3><p>Les organisations suivantes peuvent \u00e9tablir un lien avec notre site web sans autorisation \u00e9crite pr\u00e9alable :<\/p><ul><li>Agences gouvernementales<\/li><li>Moteurs de recherche<\/li><li>Organismes de presse<\/li><li>Distributeurs d'annuaires en ligne<\/li><li>Entreprises accr\u00e9dit\u00e9es pour l'ensemble du syst\u00e8me, \u00e0 l'exception des organisations \u00e0 but non lucratif, des centres commerciaux caritatifs et des groupes de collecte de fonds caritatifs.<\/li><\/ul><p>Ces organisations peuvent \u00e9tablir un lien avec notre page d'accueil, nos publications ou d'autres informations du site web, \u00e0 condition que le lien : (a) ne soit pas trompeur ; (b) n'implique pas faussement un parrainage ou une approbation ; et (c) s'inscrive dans le contexte du site de la partie qui \u00e9tablit le lien.<\/p><p>Nous pouvons approuver les demandes de liens \u00e9manant d'autres organisations si<\/p><ul><li>Le lien ne nous donne pas une image d\u00e9favorable de nous-m\u00eames ou de nos entreprises accr\u00e9dit\u00e9es.<\/li><li>L'organisation n'a pas d'ant\u00e9c\u00e9dents n\u00e9gatifs aupr\u00e8s de nous.<\/li><li>La visibilit\u00e9 de l'hyperlien compense l'absence de Viva Tape.<\/li><li>Le lien s'inscrit dans le cadre des informations g\u00e9n\u00e9rales sur les ressources.<\/li><\/ul><p>Les organisations agr\u00e9\u00e9es peuvent \u00e9tablir des liens hypertextes vers notre site web de la mani\u00e8re suivante :<\/p><ul><li>Par l'utilisation de notre raison sociale.<\/li><li>En utilisant le localisateur de ressources uniformes (URL).<\/li><li>par l'utilisation de toute autre description ayant un sens dans le contexte et le format du site de la partie qui \u00e9tablit le lien.<\/li><\/ul><p>L'utilisation du logo de Viva Tape ou d'autres illustrations n'est pas autoris\u00e9e sans un accord de licence de marque.<\/p><hr \/><h3>Responsabilit\u00e9 du contenu<\/h3><p>Nous ne sommes pas responsables du contenu de votre site web. Vous acceptez de nous prot\u00e9ger et de nous d\u00e9fendre contre les r\u00e9clamations d\u00e9coulant de votre site web. Aucun lien ne doit appara\u00eetre sur un site web qui pourrait \u00eatre interpr\u00e9t\u00e9 comme diffamatoire, obsc\u00e8ne ou criminel, ou qui enfreint, viole ou pr\u00e9conise la violation des droits de tiers.<\/p><hr \/><h3>Clause de non-responsabilit\u00e9<\/h3><p>Dans toute la mesure permise par la loi applicable, nous excluons toutes les repr\u00e9sentations, garanties et conditions relatives \u00e0 notre site web et \u00e0 son utilisation. Aucune disposition de la pr\u00e9sente clause de non-responsabilit\u00e9 n'est applicable :<\/p><ul><li>limiter ou exclure notre ou votre responsabilit\u00e9 en cas de d\u00e9c\u00e8s ou de dommages corporels.<\/li><li>limiter ou exclure notre ou votre responsabilit\u00e9 en cas de fraude ou de d\u00e9claration frauduleuse.<\/li><li>Limiter toute responsabilit\u00e9 d'une mani\u00e8re qui n'est pas autoris\u00e9e par la loi applicable.<\/li><li>Exclure toute responsabilit\u00e9 qui ne peut \u00eatre exclue en vertu du droit applicable.<\/li><\/ul><p>Les limitations et interdictions de responsabilit\u00e9 \u00e9nonc\u00e9es dans la pr\u00e9sente section r\u00e9gissent toutes les responsabilit\u00e9s d\u00e9coulant de la pr\u00e9sente clause de non-responsabilit\u00e9, y compris les responsabilit\u00e9s contractuelles, d\u00e9lictuelles ou d\u00e9coulant d'un manquement \u00e0 une obligation l\u00e9gale.<\/p><p>Tant que le site web et les informations et services qu'il contient sont fournis gratuitement, nous ne sommes pas responsables des pertes ou dommages de quelque nature que ce soit.<\/p>\t\t\t\t\t\t\t\t<\/div>\n\t\t\t\t<\/div>\n\t\t\t\t\t<\/div>\n\t\t\t\t<\/div>\n\t\t\t\t<\/div>","protected":false},"excerpt":{"rendered":"<p>Terms &amp; Conditions Welcome to Viva Tape! These terms and conditions outline the rules and regulations for the use of Viva Tape\u2019s Website, located at https:\/\/vivatape.com\/. By accessing this website, we assume you accept these terms and conditions. Do not continue to use Viva Tape if you do not agree to take all of the [&hellip;]<\/p>\n","protected":false},"author":1,"featured_media":0,"parent":0,"menu_order":0,"comment_status":"closed","ping_status":"closed","template":"","meta":{"_seopress_robots_primary_cat":"","_seopress_titles_title":"","_seopress_titles_desc":"","_seopress_robots_index":"","footnotes":""},"class_list":["post-2495","page","type-page","status-publish","hentry"],"_links":{"self":[{"href":"https:\/\/vivatape.com\/fr\/wp-json\/wp\/v2\/pages\/2495","targetHints":{"allow":["GET"]}}],"collection":[{"href":"https:\/\/vivatape.com\/fr\/wp-json\/wp\/v2\/pages"}],"about":[{"href":"https:\/\/vivatape.com\/fr\/wp-json\/wp\/v2\/types\/page"}],"author":[{"embeddable":true,"href":"https:\/\/vivatape.com\/fr\/wp-json\/wp\/v2\/users\/1"}],"replies":[{"embeddable":true,"href":"https:\/\/vivatape.com\/fr\/wp-json\/wp\/v2\/comments?post=2495"}],"version-history":[{"count":4,"href":"https:\/\/vivatape.com\/fr\/wp-json\/wp\/v2\/pages\/2495\/revisions"}],"predecessor-version":[{"id":2501,"href":"https:\/\/vivatape.com\/fr\/wp-json\/wp\/v2\/pages\/2495\/revisions\/2501"}],"wp:attachment":[{"href":"https:\/\/vivatape.com\/fr\/wp-json\/wp\/v2\/media?parent=2495"}],"curies":[{"name":"wp","href":"https:\/\/api.w.org\/{rel}","templated":true}]}}