{"id":2495,"date":"2025-01-07T14:07:58","date_gmt":"2025-01-07T06:07:58","guid":{"rendered":"https:\/\/vivatape.com\/?page_id=2495"},"modified":"2025-01-07T14:09:44","modified_gmt":"2025-01-07T06:09:44","slug":"condiciones","status":"publish","type":"page","link":"https:\/\/vivatape.com\/es\/terms-conditions\/","title":{"rendered":"Condiciones generales"},"content":{"rendered":"<div data-elementor-type=\"wp-page\" data-elementor-id=\"2495\" class=\"elementor elementor-2495\" data-elementor-post-type=\"page\">\n\t\t\t\t<div class=\"elementor-element elementor-element-36e28cc e-flex e-con-boxed e-con e-parent\" data-id=\"36e28cc\" data-element_type=\"container\" data-e-type=\"container\">\n\t\t\t\t\t<div class=\"e-con-inner\">\n\t\t\t\t<div class=\"elementor-element elementor-element-158e01d elementor-widget elementor-widget-text-editor\" data-id=\"158e01d\" data-element_type=\"widget\" data-e-type=\"widget\" data-widget_type=\"text-editor.default\">\n\t\t\t\t<div class=\"elementor-widget-container\">\n\t\t\t\t\t\t\t\t\t<h1>Condiciones generales<\/h1><p>\u00a1Bienvenido a Viva Tape!<\/p><p>Estos t\u00e9rminos y condiciones describen las normas y reglamentos de uso del sitio web de Viva Tape, ubicado en <a href=\"https:\/\/vivatape.com\/es\/\">https:\/\/vivatape.com\/<\/a>.<\/p><p>Al acceder a este sitio web, asumimos que acepta estos t\u00e9rminos y condiciones. No contin\u00fae utilizando Viva Tape si no est\u00e1 de acuerdo en aceptar todos los t\u00e9rminos y condiciones establecidos en esta p\u00e1gina.<\/p><hr \/><h3>Cookies<\/h3><p>Este sitio web utiliza cookies para personalizar su experiencia en l\u00ednea. Al acceder a Viva Tape, acepta el uso de las cookies necesarias.<\/p><p>Una cookie es un archivo de texto que un servidor de p\u00e1ginas web coloca en su disco duro. Las cookies no pueden utilizarse para ejecutar programas o enviar virus a su ordenador. Las cookies se le asignan a usted de forma exclusiva y s\u00f3lo pueden ser le\u00eddas por un servidor web en el dominio que emiti\u00f3 la cookie para usted.<\/p><p>Podemos utilizar cookies para recoger, almacenar y rastrear informaci\u00f3n con fines estad\u00edsticos o de marketing para el funcionamiento de nuestro sitio web. Puede aceptar o rechazar las cookies opcionales. Las cookies necesarias para el funcionamiento de nuestro sitio web no requieren su consentimiento. Tenga en cuenta que aceptar las cookies obligatorias tambi\u00e9n implica aceptar las cookies de terceros utilizadas por servicios integrados, como las ventanas de visualizaci\u00f3n de v\u00eddeo proporcionadas por terceros.<\/p><hr \/><h3>Licencia<\/h3><p>A menos que se indique lo contrario, Viva Tape y\/o sus licenciantes poseen los derechos de propiedad intelectual de todo el material de Viva Tape. Todos los derechos de propiedad intelectual est\u00e1n reservados. Usted puede acceder a esto desde Viva Tape para su uso personal, sujeto a las restricciones establecidas en estos t\u00e9rminos y condiciones.<\/p><p>No debes hacerlo:<\/p><ul><li>Copiar o volver a publicar material de Viva Tape<\/li><li>Vender, alquilar o sublicenciar material de Viva Tape<\/li><li>Reproducir, duplicar o copiar material de Viva Tape<\/li><li>Redistribuir contenidos de Viva Tape<\/li><\/ul><p>El presente Acuerdo entrar\u00e1 en vigor en la fecha del mismo.<\/p><hr \/><h3>Comentarios de los usuarios<\/h3><p>Algunas partes de este sitio web pueden permitir a los usuarios publicar e intercambiar opiniones e informaci\u00f3n. Viva Tape no filtra, edita, publica ni revisa los comentarios antes de que aparezcan en el sitio web. Los comentarios reflejan las opiniones de la persona que los publica y no las opiniones de Viva Tape, sus agentes o afiliados.<\/p><p>En la medida permitida por las leyes aplicables, Viva Tape no ser\u00e1 responsable de ninguna responsabilidad, da\u00f1os o gastos causados por el uso y\/o publicaci\u00f3n y\/o aparici\u00f3n de los comentarios en este sitio web.<\/p><p>Usted garantiza y declara que:<\/p><ul><li>Usted tiene derecho a publicar comentarios en nuestro sitio web y dispone de todas las licencias y consentimientos necesarios para hacerlo.<\/li><li>Los comentarios no invaden ning\u00fan derecho de propiedad intelectual, incluidos, entre otros, derechos de autor, patentes o marcas registradas de terceros.<\/li><li>Los comentarios no contienen material difamatorio, ofensivo, indecente o ilegal por cualquier otro motivo.<\/li><li>Los comentarios no se utilizar\u00e1n para solicitar o promocionar negocios, costumbres o actividades il\u00edcitas.<\/li><\/ul><p>Por la presente, concedes a Viva Tape una licencia no exclusiva para utilizar, reproducir, editar y autorizar a otros a utilizar, reproducir y editar tus comentarios en cualquier forma, formato o medio.<\/p><hr \/><h3>Hiperv\u00ednculos a nuestro contenido<\/h3><p>Las siguientes organizaciones pueden enlazar con nuestro sitio web sin autorizaci\u00f3n previa por escrito:<\/p><ul><li>Organismos p\u00fablicos<\/li><li>Motores de b\u00fasqueda<\/li><li>Organizaciones de noticias<\/li><li>Distribuidores de directorios en l\u00ednea<\/li><li>Empresas acreditadas de todo el sistema, excluidas las organizaciones sin \u00e1nimo de lucro solicitantes, los centros comerciales ben\u00e9ficos y los grupos de recaudaci\u00f3n de fondos ben\u00e9ficos.<\/li><\/ul><p>Estas organizaciones pueden enlazar con nuestra p\u00e1gina de inicio, publicaciones u otra informaci\u00f3n del sitio web siempre que el enlace (a) no sea enga\u00f1oso; (b) no implique falsamente patrocinio o respaldo; y (c) encaje en el contexto del sitio de la parte enlazante.<\/p><p>Podemos aprobar solicitudes de enlaces de otras organizaciones si:<\/p><ul><li>El enlace no nos hace quedar mal ni a nosotros ni a nuestras empresas acreditadas.<\/li><li>La organizaci\u00f3n no tiene registros negativos con nosotros.<\/li><li>La visibilidad del hiperv\u00ednculo compensa la ausencia de Viva Tape.<\/li><li>El enlace se encuentra en el contexto de la informaci\u00f3n general sobre recursos.<\/li><\/ul><p>Las organizaciones autorizadas pueden establecer hiperenlaces con nuestro sitio web de la siguiente manera:<\/p><ul><li>Mediante el uso de nuestra raz\u00f3n social.<\/li><li>Mediante el uso del localizador uniforme de recursos (URL).<\/li><li>Mediante el uso de cualquier otra descripci\u00f3n que tenga sentido dentro del contexto y el formato del sitio de la parte enlazante.<\/li><\/ul><p>No se permite el uso del logotipo ni de otras ilustraciones de Viva Tape sin un acuerdo de licencia de marca comercial.<\/p><hr \/><h3>Responsabilidad por contenidos<\/h3><p>No somos responsables de ning\u00fan contenido que aparezca en su sitio web. Usted se compromete a protegernos y defendernos frente a reclamaciones derivadas de su sitio web. No deben aparecer enlaces en ning\u00fan sitio web que puedan interpretarse como difamatorios, obscenos o delictivos, o que infrinjan, violen de otro modo o propugnen la infracci\u00f3n de derechos de terceros.<\/p><hr \/><h3>Descargo de responsabilidad<\/h3><p>En la medida m\u00e1xima permitida por la ley aplicable, excluimos todas las representaciones, garant\u00edas y condiciones relacionadas con nuestro sitio web y su uso. Nada de lo contenido en esta cl\u00e1usula de exenci\u00f3n de responsabilidad:<\/p><ul><li>Limitar o excluir nuestra o su responsabilidad por muerte o lesiones personales.<\/li><li>Limitar o excluir nuestra responsabilidad o la suya por fraude o tergiversaci\u00f3n fraudulenta.<\/li><li>Limitar cualquier responsabilidad de cualquier forma que no est\u00e9 permitida por la legislaci\u00f3n aplicable.<\/li><li>Excluir cualquier responsabilidad que no pueda excluirse en virtud de la legislaci\u00f3n aplicable.<\/li><\/ul><p>Las limitaciones y prohibiciones de responsabilidad establecidas en esta Secci\u00f3n rigen todas las responsabilidades derivadas de esta exenci\u00f3n de responsabilidad, incluidas las responsabilidades contractuales, extracontractuales o por incumplimiento de obligaciones legales.<\/p><p>En la medida en que el sitio web y la informaci\u00f3n y los servicios que en \u00e9l se ofrecen son gratuitos, no seremos responsables de ninguna p\u00e9rdida o da\u00f1o de cualquier naturaleza.<\/p>\t\t\t\t\t\t\t\t<\/div>\n\t\t\t\t<\/div>\n\t\t\t\t\t<\/div>\n\t\t\t\t<\/div>\n\t\t\t\t<\/div>","protected":false},"excerpt":{"rendered":"<p>Terms &amp; Conditions Welcome to Viva Tape! These terms and conditions outline the rules and regulations for the use of Viva Tape\u2019s Website, located at https:\/\/vivatape.com\/. By accessing this website, we assume you accept these terms and conditions. Do not continue to use Viva Tape if you do not agree to take all of the [&hellip;]<\/p>\n","protected":false},"author":1,"featured_media":0,"parent":0,"menu_order":0,"comment_status":"closed","ping_status":"closed","template":"","meta":{"_seopress_robots_primary_cat":"","_seopress_titles_title":"","_seopress_titles_desc":"","_seopress_robots_index":"","footnotes":""},"class_list":["post-2495","page","type-page","status-publish","hentry"],"_links":{"self":[{"href":"https:\/\/vivatape.com\/es\/wp-json\/wp\/v2\/pages\/2495","targetHints":{"allow":["GET"]}}],"collection":[{"href":"https:\/\/vivatape.com\/es\/wp-json\/wp\/v2\/pages"}],"about":[{"href":"https:\/\/vivatape.com\/es\/wp-json\/wp\/v2\/types\/page"}],"author":[{"embeddable":true,"href":"https:\/\/vivatape.com\/es\/wp-json\/wp\/v2\/users\/1"}],"replies":[{"embeddable":true,"href":"https:\/\/vivatape.com\/es\/wp-json\/wp\/v2\/comments?post=2495"}],"version-history":[{"count":4,"href":"https:\/\/vivatape.com\/es\/wp-json\/wp\/v2\/pages\/2495\/revisions"}],"predecessor-version":[{"id":2501,"href":"https:\/\/vivatape.com\/es\/wp-json\/wp\/v2\/pages\/2495\/revisions\/2501"}],"wp:attachment":[{"href":"https:\/\/vivatape.com\/es\/wp-json\/wp\/v2\/media?parent=2495"}],"curies":[{"name":"wp","href":"https:\/\/api.w.org\/{rel}","templated":true}]}}