{"id":2485,"date":"2025-01-07T11:37:25","date_gmt":"2025-01-07T03:37:25","guid":{"rendered":"https:\/\/vivatape.com\/?page_id=2485"},"modified":"2025-01-07T11:52:09","modified_gmt":"2025-01-07T03:52:09","slug":"politica-de-privacidad","status":"publish","type":"page","link":"https:\/\/vivatape.com\/es\/privacy-policy\/","title":{"rendered":"Pol\u00edtica de privacidad"},"content":{"rendered":"<div data-elementor-type=\"wp-page\" data-elementor-id=\"2485\" class=\"elementor elementor-2485\" data-elementor-post-type=\"page\">\n\t\t\t\t<div class=\"elementor-element elementor-element-73eb9ae e-flex e-con-boxed e-con e-parent\" data-id=\"73eb9ae\" data-element_type=\"container\" data-e-type=\"container\">\n\t\t\t\t\t<div class=\"e-con-inner\">\n\t\t\t\t<div class=\"elementor-element elementor-element-eb29869 elementor-widget elementor-widget-text-editor\" data-id=\"eb29869\" data-element_type=\"widget\" data-e-type=\"widget\" data-widget_type=\"text-editor.default\">\n\t\t\t\t<div class=\"elementor-widget-container\">\n\t\t\t\t\t\t\t\t\t<h1>Pol\u00edtica de privacidad<\/h1><p>Su privacidad es importante para nosotros. La pol\u00edtica de Viva Tape es respetar su privacidad y cumplir con todas las leyes y reglamentos aplicables en relaci\u00f3n con cualquier informaci\u00f3n personal que podamos recopilar sobre usted, incluso a trav\u00e9s de nuestro sitio web, <a href=\"https:\/\/vivatape.com\/es\/\">https:\/\/vivatape.com\/<\/a>.<\/p><p>Esta pol\u00edtica entra en vigor el 1 de noviembre de 2024 y se actualiz\u00f3 por \u00faltima vez el 6 de enero de 2025.<\/p><hr \/><h3>Informaci\u00f3n que recopilamos<\/h3><p>Recogemos la informaci\u00f3n personal que usted nos proporciona consciente y activamente al utilizar o participar en cualquiera de nuestros servicios y promociones, as\u00ed como cualquier informaci\u00f3n enviada autom\u00e1ticamente por sus dispositivos al acceder a nuestro sitio web.<\/p><h4>Datos de registro<\/h4><p>Cuando visita nuestro sitio web, nuestros servidores pueden registrar autom\u00e1ticamente los datos est\u00e1ndar proporcionados por su navegador web. Estos datos pueden incluir la direcci\u00f3n de protocolo de Internet (IP) de su dispositivo, el tipo y la versi\u00f3n de su navegador, las p\u00e1ginas que visita, la hora y la fecha de su visita, el tiempo que pasa en cada p\u00e1gina y detalles t\u00e9cnicos sobre cualquier error que encuentre.<\/p><p>Aunque esta informaci\u00f3n no le identifique directamente, podr\u00eda combinarse con otros datos para identificar personalmente a usuarios individuales.<\/p><h4>Informaci\u00f3n personal<\/h4><p>Es posible que le pidamos datos personales, entre los que se incluyen los siguientes:<\/p><ul><li>Nombre<\/li><li>Direcci\u00f3n de correo electr\u00f3nico<\/li><li>Nombre de la empresa<\/li><li>N\u00famero de tel\u00e9fono<\/li><\/ul><hr \/><h3>C\u00f3mo utilizamos su informaci\u00f3n<\/h3><p>Utilizamos su informaci\u00f3n personal para:<\/p><ul><li>Proporcionar, operar y mantener nuestro sitio web.<\/li><li>Responder a sus consultas o proporcionar presupuestos y asistencia.<\/li><li>Personalizar su experiencia en nuestro sitio web.<\/li><li>Realizar an\u00e1lisis y estudios de mercado para mejorar nuestros servicios.<\/li><\/ul><p>S\u00f3lo recogemos y utilizamos sus datos personales con fines leg\u00edtimos y para cumplir nuestras obligaciones contractuales o legales.<\/p><hr \/><h3>Seguridad de sus datos personales<\/h3><p>Nos comprometemos a salvaguardar sus datos personales. Aplicamos medidas comercialmente aceptables para evitar la p\u00e9rdida, el robo, el acceso no autorizado, la divulgaci\u00f3n, la copia, el uso o la modificaci\u00f3n de sus datos personales.<\/p><p>No obstante, tenga en cuenta que ning\u00fan m\u00e9todo de transmisi\u00f3n o almacenamiento es completamente seguro. Aunque nos esforzamos por proteger su informaci\u00f3n, no podemos garantizar su seguridad absoluta.<\/p><hr \/><h3>Conservaci\u00f3n de la informaci\u00f3n<\/h3><p>Conservaremos su informaci\u00f3n personal s\u00f3lo mientras sea necesario para cumplir los fines descritos en esta pol\u00edtica de privacidad o seg\u00fan lo exija la ley. Si su informaci\u00f3n personal deja de ser necesaria, la eliminaremos de forma segura o la convertiremos en an\u00f3nima.<\/p><hr \/><h3>Privacidad infantil<\/h3><p>Nuestro sitio web y nuestros servicios no est\u00e1n destinados a ni\u00f1os menores de 13 a\u00f1os, y no recopilamos conscientemente informaci\u00f3n personal de ni\u00f1os.<\/p><hr \/><h3>Cookies y tecnolog\u00edas de seguimiento<\/h3><p>Utilizamos cookies para mejorar su experiencia de navegaci\u00f3n, analizar el rendimiento del sitio web y conocer las preferencias de los usuarios. Puede gestionar sus preferencias de cookies a trav\u00e9s de la configuraci\u00f3n de su navegador.<\/p><hr \/><h3>Transferencias internacionales de datos<\/h3><p>Su informaci\u00f3n personal puede ser almacenada y procesada en lugares fuera de su pa\u00eds de residencia. Al facilitar sus datos, usted consiente dichas transferencias de conformidad con la legislaci\u00f3n aplicable en materia de protecci\u00f3n de datos.<\/p><hr \/><h3>Sus derechos<\/h3><p>Tienes derecho a:<\/p><ul><li>Acceder a su informaci\u00f3n personal, rectificarla o eliminarla.<\/li><li>Exclusi\u00f3n voluntaria de comunicaciones de marketing directo.<\/li><li>Presentar una denuncia ante una autoridad de protecci\u00f3n de datos si cree que se han vulnerado sus derechos.<\/li><\/ul><p>Para ejercer estos derechos, p\u00f3ngase en contacto con nosotros utilizando los datos que figuran a continuaci\u00f3n.<\/p><hr \/><h3>Cambios en esta pol\u00edtica<\/h3><p>Podemos actualizar esta pol\u00edtica de privacidad de vez en cuando para reflejar cambios en nuestras pr\u00e1cticas o por otras razones operativas, legales o reglamentarias. Los cambios se publicar\u00e1n en esta p\u00e1gina y la pol\u00edtica actualizada incluir\u00e1 una fecha de entrada en vigor.<\/p><hr \/><h3>Contacte con nosotros<\/h3><p>Si tiene preguntas o dudas sobre su privacidad, p\u00f3ngase en contacto con nosotros:<\/p><p><strong>Cinta Viva<\/strong><br \/>Correo electr\u00f3nico: <a href=\"mailto:info@vivatape.com\">contact@vivatape.com<\/a><br \/>P\u00e1gina web: <a href=\"https:\/\/vivatape.com\/es\/\">https:\/\/vivatape.com\/<\/a><\/p>\t\t\t\t\t\t\t\t<\/div>\n\t\t\t\t<\/div>\n\t\t\t\t\t<\/div>\n\t\t\t\t<\/div>\n\t\t\t\t<\/div>","protected":false},"excerpt":{"rendered":"<p>Privacy Policy Your privacy is important to us. It is Viva Tape&#8217;s policy to respect your privacy and comply with any applicable law and regulation regarding any personal information we may collect about you, including across our website, https:\/\/vivatape.com\/. This policy is effective as of 1 November 2024 and was last updated on 6 January [&hellip;]<\/p>\n","protected":false},"author":1,"featured_media":0,"parent":0,"menu_order":0,"comment_status":"closed","ping_status":"closed","template":"","meta":{"_seopress_robots_primary_cat":"","_seopress_titles_title":"Privacy Policy | Viva Tape - Your Data, Our Responsibility","_seopress_titles_desc":"Discover how Viva Tape protects your personal information. Read our Privacy Policy to understand how we collect, use, and safeguard your data while offering premium custom mouth tapes and nasal strips.","_seopress_robots_index":"","footnotes":""},"class_list":["post-2485","page","type-page","status-publish","hentry"],"_links":{"self":[{"href":"https:\/\/vivatape.com\/es\/wp-json\/wp\/v2\/pages\/2485","targetHints":{"allow":["GET"]}}],"collection":[{"href":"https:\/\/vivatape.com\/es\/wp-json\/wp\/v2\/pages"}],"about":[{"href":"https:\/\/vivatape.com\/es\/wp-json\/wp\/v2\/types\/page"}],"author":[{"embeddable":true,"href":"https:\/\/vivatape.com\/es\/wp-json\/wp\/v2\/users\/1"}],"replies":[{"embeddable":true,"href":"https:\/\/vivatape.com\/es\/wp-json\/wp\/v2\/comments?post=2485"}],"version-history":[{"count":5,"href":"https:\/\/vivatape.com\/es\/wp-json\/wp\/v2\/pages\/2485\/revisions"}],"predecessor-version":[{"id":2492,"href":"https:\/\/vivatape.com\/es\/wp-json\/wp\/v2\/pages\/2485\/revisions\/2492"}],"wp:attachment":[{"href":"https:\/\/vivatape.com\/es\/wp-json\/wp\/v2\/media?parent=2485"}],"curies":[{"name":"wp","href":"https:\/\/api.w.org\/{rel}","templated":true}]}}