{"id":2495,"date":"2025-01-07T14:07:58","date_gmt":"2025-01-07T06:07:58","guid":{"rendered":"https:\/\/vivatape.com\/?page_id=2495"},"modified":"2025-01-07T14:09:44","modified_gmt":"2025-01-07T06:09:44","slug":"bedingungen","status":"publish","type":"page","link":"https:\/\/vivatape.com\/de\/terms-conditions\/","title":{"rendered":"Bedingungen und Konditionen"},"content":{"rendered":"<div data-elementor-type=\"wp-page\" data-elementor-id=\"2495\" class=\"elementor elementor-2495\" data-elementor-post-type=\"page\">\n\t\t\t\t<div class=\"elementor-element elementor-element-36e28cc e-flex e-con-boxed e-con e-parent\" data-id=\"36e28cc\" data-element_type=\"container\" data-e-type=\"container\">\n\t\t\t\t\t<div class=\"e-con-inner\">\n\t\t\t\t<div class=\"elementor-element elementor-element-158e01d elementor-widget elementor-widget-text-editor\" data-id=\"158e01d\" data-element_type=\"widget\" data-e-type=\"widget\" data-widget_type=\"text-editor.default\">\n\t\t\t\t<div class=\"elementor-widget-container\">\n\t\t\t\t\t\t\t\t\t<h1>Bedingungen und Konditionen<\/h1><p>Willkommen bei Viva Tape!<\/p><p>Diese Bedingungen beschreiben die Regeln und Vorschriften f\u00fcr die Nutzung der Website von Viva Tape unter der Adresse <a href=\"https:\/\/vivatape.com\/de\/\">https:\/\/vivatape.com\/<\/a>.<\/p><p>Wenn Sie auf diese Website zugreifen, gehen wir davon aus, dass Sie diese Bedingungen und Konditionen akzeptieren. Fahren Sie nicht fort, Viva Tape zu nutzen, wenn Sie nicht mit allen auf dieser Seite genannten Bedingungen und Konditionen einverstanden sind.<\/p><hr \/><h3>Cookies<\/h3><p>Diese Website verwendet Cookies, um Ihr Online-Erlebnis zu personalisieren. Wenn Sie auf Viva Tape zugreifen, stimmen Sie der Verwendung von Cookies zu.<\/p><p>Ein Cookie ist eine Textdatei, die von einem Webserver auf Ihrer Festplatte abgelegt wird. Cookies k\u00f6nnen nicht dazu verwendet werden, Programme auszuf\u00fchren oder Viren auf Ihren Computer zu \u00fcbertragen. Cookies sind Ihnen eindeutig zugeordnet und k\u00f6nnen nur von einem Webserver in der Dom\u00e4ne gelesen werden, die das Cookie an Sie ausgegeben hat.<\/p><p>Wir k\u00f6nnen Cookies verwenden, um Informationen f\u00fcr statistische oder Marketingzwecke zu sammeln, zu speichern und zu verfolgen, um unsere Website zu betreiben. Sie k\u00f6nnen optionale Cookies akzeptieren oder ablehnen. Erforderliche Cookies, die f\u00fcr den Betrieb unserer Website notwendig sind, bed\u00fcrfen nicht Ihrer Zustimmung. Bitte beachten Sie, dass die Annahme erforderlicher Cookies auch bedeutet, dass Sie die Cookies von Drittanbietern akzeptieren, die von integrierten Diensten verwendet werden, wie z. B. Videoanzeigefenster von Drittanbietern.<\/p><hr \/><h3>Lizenz<\/h3><p>Sofern nicht anders angegeben, sind Viva Tape und\/oder seine Lizenzgeber Inhaber der geistigen Eigentumsrechte f\u00fcr das gesamte Material auf Viva Tape. Alle geistigen Eigentumsrechte sind vorbehalten. Sie k\u00f6nnen auf diese Inhalte von Viva Tape f\u00fcr Ihren pers\u00f6nlichen Gebrauch zugreifen, vorbehaltlich der in diesen Bedingungen und Konditionen festgelegten Einschr\u00e4nkungen.<\/p><p>Das d\u00fcrfen Sie nicht:<\/p><ul><li>Kopieren oder Wiederver\u00f6ffentlichen von Material von Viva Tape<\/li><li>Verkauf, Vermietung oder Unterlizenzierung von Material von Viva Tape<\/li><li>Material von Viva Tape zu reproduzieren, zu duplizieren oder zu kopieren<\/li><li>Inhalte von Viva Tape weiterverteilen<\/li><\/ul><p>Dieses Abkommen beginnt mit dem Datum dieses Abkommens.<\/p><hr \/><h3>Benutzer-Kommentare<\/h3><p>Teile dieser Website erm\u00f6glichen es den Benutzern, Meinungen und Informationen zu ver\u00f6ffentlichen und auszutauschen. Viva Tape filtert, bearbeitet, ver\u00f6ffentlicht oder \u00fcberpr\u00fcft Kommentare nicht, bevor sie auf der Website erscheinen. Kommentare spiegeln die Ansichten der Person wider, die sie postet, und nicht die Ansichten von Viva Tape, seinen Vertretern oder verbundenen Unternehmen.<\/p><p>Viva Tape ist im Rahmen der geltenden Gesetze nicht haftbar f\u00fcr jegliche Haftung, Sch\u00e4den oder Kosten, die durch die Nutzung und\/oder Ver\u00f6ffentlichung und\/oder das Erscheinen der Kommentare auf dieser Website entstehen.<\/p><p>Sie garantieren und sichern zu, dass:<\/p><ul><li>Sie sind berechtigt, Kommentare auf unserer Website zu ver\u00f6ffentlichen, und verf\u00fcgen \u00fcber alle erforderlichen Lizenzen und Genehmigungen, um dies zu tun.<\/li><li>Die Kommentare verletzen keine geistigen Eigentumsrechte, einschlie\u00dflich, aber nicht beschr\u00e4nkt auf Urheberrechte, Patente oder Warenzeichen Dritter.<\/li><li>Die Kommentare enthalten kein verleumderisches, beleidigendes, unanst\u00e4ndiges oder anderweitig rechtswidriges Material.<\/li><li>Die Kommentare werden nicht verwendet, um f\u00fcr Gesch\u00e4fte, Gewohnheiten oder ungesetzliche Aktivit\u00e4ten zu werben.<\/li><\/ul><p>Sie gew\u00e4hren Viva Tape hiermit eine nicht-exklusive Lizenz zur Nutzung, Reproduktion, Bearbeitung und Autorisierung anderer zur Nutzung, Reproduktion und Bearbeitung Ihrer Kommentare in allen Formen, Formaten oder Medien.<\/p><hr \/><h3>Verlinkung zu unserem Inhalt<\/h3><p>Die folgenden Organisationen d\u00fcrfen ohne vorherige schriftliche Genehmigung auf unsere Website verlinken:<\/p><ul><li>Staatliche Stellen<\/li><li>Suchmaschine<\/li><li>Nachrichtenorganisationen<\/li><li>Online-Verzeichnis Verteiler<\/li><li>Systemweit zugelassene Unternehmen, ausgenommen gemeinn\u00fctzige Organisationen, Einkaufszentren f\u00fcr wohlt\u00e4tige Zwecke und Gruppen, die Spenden sammeln<\/li><\/ul><p>Diese Organisationen d\u00fcrfen auf unsere Homepage, Ver\u00f6ffentlichungen oder andere Website-Informationen verlinken, solange der Link: (a) nicht irref\u00fchrend ist; (b) nicht f\u00e4lschlicherweise Sponsoring oder Bef\u00fcrwortung impliziert; und (c) in den Kontext der Website der verlinkenden Partei passt.<\/p><p>Wir k\u00f6nnen Linkanfragen von anderen Organisationen genehmigen, wenn:<\/p><ul><li>Der Link l\u00e4sst uns nicht in einem schlechten Licht erscheinen, weder f\u00fcr uns noch f\u00fcr unsere akkreditierten Unternehmen.<\/li><li>Die Organisation hat keine negativen Eintr\u00e4ge bei uns.<\/li><li>Die Sichtbarkeit des Hyperlinks kompensiert das Fehlen von Viva Tape.<\/li><li>Der Link steht im Zusammenhang mit allgemeinen Ressourceninformationen.<\/li><\/ul><p>Zugelassene Organisationen d\u00fcrfen Hyperlinks zu unserer Website wie folgt setzen:<\/p><ul><li>Durch die Verwendung unseres Firmennamens.<\/li><li>Durch die Verwendung des Uniform Resource Locator (URL).<\/li><li>Durch Verwendung einer anderen Beschreibung, die im Kontext und im Format der Website der verlinkenden Partei sinnvoll ist.<\/li><\/ul><p>Die Verwendung des Logos von Viva Tape oder anderer Grafiken ist ohne eine Markenlizenzvereinbarung nicht gestattet.<\/p><hr \/><h3>Inhaltliche Haftung<\/h3><p>Wir sind nicht f\u00fcr Inhalte verantwortlich, die auf Ihrer Website erscheinen. Sie verpflichten sich, uns gegen Anspr\u00fcche, die sich aus Ihrer Website ergeben, zu sch\u00fctzen und zu verteidigen. Es d\u00fcrfen keine Links auf Websites erscheinen, die als verleumderisch, obsz\u00f6n oder kriminell ausgelegt werden k\u00f6nnen oder die Rechte Dritter verletzen, anderweitig verletzen oder die Verletzung von Rechten Dritter bef\u00fcrworten.<\/p><hr \/><h3>Haftungsausschluss<\/h3><p>Soweit es das geltende Recht zul\u00e4sst, schlie\u00dfen wir alle Zusicherungen, Garantien und Bedingungen in Bezug auf unsere Website und deren Nutzung aus. Nichts in diesem Haftungsausschluss wird:<\/p><ul><li>unsere oder Ihre Haftung f\u00fcr Tod oder K\u00f6rperverletzung zu begrenzen oder auszuschlie\u00dfen.<\/li><li>unsere oder Ihre Haftung f\u00fcr Betrug oder arglistige T\u00e4uschung einzuschr\u00e4nken oder auszuschlie\u00dfen.<\/li><li>Haftungsbeschr\u00e4nkungen in einer Weise, die nach geltendem Recht nicht zul\u00e4ssig ist.<\/li><li>Schlie\u00dfen Sie alle Verbindlichkeiten aus, die nach geltendem Recht nicht ausgeschlossen werden d\u00fcrfen.<\/li><\/ul><p>Die in diesem Abschnitt festgelegten Haftungsbeschr\u00e4nkungen und -verbote gelten f\u00fcr alle Haftungen, die sich aus diesem Haftungsausschluss ergeben, einschlie\u00dflich der Haftungen, die sich aus einem Vertrag, einer unerlaubten Handlung oder einer Verletzung gesetzlicher Pflichten ergeben.<\/p><p>Solange die Website sowie die Informationen und Dienstleistungen auf der Website kostenlos zur Verf\u00fcgung gestellt werden, haften wir nicht f\u00fcr Verluste oder Sch\u00e4den jeglicher Art.<\/p>\t\t\t\t\t\t\t\t<\/div>\n\t\t\t\t<\/div>\n\t\t\t\t\t<\/div>\n\t\t\t\t<\/div>\n\t\t\t\t<\/div>","protected":false},"excerpt":{"rendered":"<p>Terms &amp; Conditions Welcome to Viva Tape! These terms and conditions outline the rules and regulations for the use of Viva Tape\u2019s Website, located at https:\/\/vivatape.com\/. By accessing this website, we assume you accept these terms and conditions. Do not continue to use Viva Tape if you do not agree to take all of the [&hellip;]<\/p>\n","protected":false},"author":1,"featured_media":0,"parent":0,"menu_order":0,"comment_status":"closed","ping_status":"closed","template":"","meta":{"_seopress_robots_primary_cat":"","_seopress_titles_title":"","_seopress_titles_desc":"","_seopress_robots_index":"","footnotes":""},"class_list":["post-2495","page","type-page","status-publish","hentry"],"_links":{"self":[{"href":"https:\/\/vivatape.com\/de\/wp-json\/wp\/v2\/pages\/2495","targetHints":{"allow":["GET"]}}],"collection":[{"href":"https:\/\/vivatape.com\/de\/wp-json\/wp\/v2\/pages"}],"about":[{"href":"https:\/\/vivatape.com\/de\/wp-json\/wp\/v2\/types\/page"}],"author":[{"embeddable":true,"href":"https:\/\/vivatape.com\/de\/wp-json\/wp\/v2\/users\/1"}],"replies":[{"embeddable":true,"href":"https:\/\/vivatape.com\/de\/wp-json\/wp\/v2\/comments?post=2495"}],"version-history":[{"count":4,"href":"https:\/\/vivatape.com\/de\/wp-json\/wp\/v2\/pages\/2495\/revisions"}],"predecessor-version":[{"id":2501,"href":"https:\/\/vivatape.com\/de\/wp-json\/wp\/v2\/pages\/2495\/revisions\/2501"}],"wp:attachment":[{"href":"https:\/\/vivatape.com\/de\/wp-json\/wp\/v2\/media?parent=2495"}],"curies":[{"name":"wp","href":"https:\/\/api.w.org\/{rel}","templated":true}]}}