{"id":2485,"date":"2025-01-07T11:37:25","date_gmt":"2025-01-07T03:37:25","guid":{"rendered":"https:\/\/vivatape.com\/?page_id=2485"},"modified":"2025-01-07T11:52:09","modified_gmt":"2025-01-07T03:52:09","slug":"datenschutzbestimmungen","status":"publish","type":"page","link":"https:\/\/vivatape.com\/de\/privacy-policy\/","title":{"rendered":"Datenschutzbestimmungen"},"content":{"rendered":"<div data-elementor-type=\"wp-page\" data-elementor-id=\"2485\" class=\"elementor elementor-2485\" data-elementor-post-type=\"page\">\n\t\t\t\t<div class=\"elementor-element elementor-element-73eb9ae e-flex e-con-boxed e-con e-parent\" data-id=\"73eb9ae\" data-element_type=\"container\" data-e-type=\"container\">\n\t\t\t\t\t<div class=\"e-con-inner\">\n\t\t\t\t<div class=\"elementor-element elementor-element-eb29869 elementor-widget elementor-widget-text-editor\" data-id=\"eb29869\" data-element_type=\"widget\" data-e-type=\"widget\" data-widget_type=\"text-editor.default\">\n\t\t\t\t<div class=\"elementor-widget-container\">\n\t\t\t\t\t\t\t\t\t<h1>Datenschutzbestimmungen<\/h1><p>Ihre Privatsph\u00e4re ist f\u00fcr uns wichtig. Es geh\u00f6rt zu den Grunds\u00e4tzen von Viva Tape, Ihre Privatsph\u00e4re zu respektieren und alle geltenden Gesetze und Vorschriften in Bezug auf personenbezogene Daten, die wir \u00fcber Sie sammeln, auch \u00fcber unsere Website, einzuhalten, <a href=\"https:\/\/vivatape.com\/de\/\">https:\/\/vivatape.com\/<\/a>.<\/p><p>Diese Richtlinie gilt ab dem 1. November 2024 und wurde zuletzt am 6. Januar 2025 aktualisiert.<\/p><hr \/><h3>Gesammelte Informationen<\/h3><p>Wir erfassen personenbezogene Daten, die Sie uns wissentlich und aktiv zur Verf\u00fcgung stellen, wenn Sie unsere Dienste und Werbeaktionen nutzen oder daran teilnehmen, sowie alle Informationen, die automatisch von Ihren Ger\u00e4ten beim Zugriff auf unsere Website gesendet werden.<\/p><h4>Protokolldaten<\/h4><p>Wenn Sie unsere Website besuchen, k\u00f6nnen unsere Server automatisch die von Ihrem Webbrowser bereitgestellten Standarddaten aufzeichnen. Diese Daten k\u00f6nnen die Internet-Protokoll-Adresse (IP) Ihres Ger\u00e4ts, Ihren Browsertyp und Ihre Version, die von Ihnen besuchten Seiten, die Uhrzeit und das Datum Ihres Besuchs, die auf jeder Seite verbrachte Zeit sowie technische Details zu etwaigen Fehlern, auf die Sie sto\u00dfen, umfassen.<\/p><p>Auch wenn diese Informationen Sie nicht direkt identifizieren, k\u00f6nnten sie mit anderen Daten kombiniert werden, um einzelne Nutzer pers\u00f6nlich zu identifizieren.<\/p><h4>Pers\u00f6nliche Informationen<\/h4><p>Wir k\u00f6nnen nach pers\u00f6nlichen Informationen fragen, einschlie\u00dflich, aber nicht beschr\u00e4nkt auf die folgenden:<\/p><ul><li>Name<\/li><li>E-Mail Adresse<\/li><li>Name des Unternehmens<\/li><li>Rufnummer<\/li><\/ul><hr \/><h3>Wie wir Ihre Informationen verwenden<\/h3><p>Wir verwenden Ihre pers\u00f6nlichen Daten, um:<\/p><ul><li>Bereitstellung, Betrieb und Wartung unserer Website.<\/li><li>Beantworten Sie Ihre Anfragen oder stellen Sie Angebote und Unterst\u00fctzung bereit.<\/li><li>Personalisieren Sie Ihre Erfahrungen auf unserer Website.<\/li><li>Durchf\u00fchrung von Analysen und Marktforschung zur Verbesserung unserer Dienstleistungen.<\/li><\/ul><p>Wir erheben und verwenden Ihre personenbezogenen Daten nur f\u00fcr rechtm\u00e4\u00dfige Zwecke und zur Erf\u00fcllung unserer vertraglichen oder gesetzlichen Verpflichtungen.<\/p><hr \/><h3>Sicherheit Ihrer pers\u00f6nlichen Daten<\/h3><p>Wir verpflichten uns, Ihre pers\u00f6nlichen Daten zu sch\u00fctzen. Wir ergreifen wirtschaftlich vertretbare Ma\u00dfnahmen, um den Verlust, den Diebstahl, den unbefugten Zugriff, die Offenlegung, das Kopieren, die Verwendung oder die \u00c4nderung Ihrer personenbezogenen Daten zu verhindern.<\/p><p>Bitte beachten Sie jedoch, dass keine \u00dcbertragungs- oder Speichermethode vollkommen sicher ist. Obwohl wir uns bem\u00fchen, Ihre Daten zu sch\u00fctzen, k\u00f6nnen wir deren absolute Sicherheit nicht garantieren.<\/p><hr \/><h3>Aufbewahrung von Informationen<\/h3><p>Wir werden Ihre pers\u00f6nlichen Daten nur so lange aufbewahren, wie es f\u00fcr die Erf\u00fcllung der in dieser Datenschutzrichtlinie genannten Zwecke erforderlich ist oder wie es gesetzlich vorgeschrieben ist. Wenn Ihre pers\u00f6nlichen Daten nicht mehr ben\u00f6tigt werden, werden wir sie sicher l\u00f6schen oder anonymisieren.<\/p><hr \/><h3>Datenschutz f\u00fcr Kinder<\/h3><p>Unsere Website und unsere Dienstleistungen sind nicht f\u00fcr Kinder unter 13 Jahren bestimmt, und wir sammeln nicht wissentlich pers\u00f6nliche Daten von Kindern.<\/p><hr \/><h3>Cookies und Tracking-Technologien<\/h3><p>Wir verwenden Cookies, um Ihr Surferlebnis zu verbessern, die Leistung der Website zu analysieren und die Pr\u00e4ferenzen der Nutzer zu verstehen. Sie k\u00f6nnen Ihre Cookie-Pr\u00e4ferenzen \u00fcber Ihre Browser-Einstellungen verwalten.<\/p><hr \/><h3>Internationale Daten\u00fcbertragungen<\/h3><p>Ihre personenbezogenen Daten k\u00f6nnen an Orten au\u00dferhalb des Landes, in dem Sie wohnen, gespeichert und verarbeitet werden. Indem Sie Ihre Daten zur Verf\u00fcgung stellen, stimmen Sie solchen \u00dcbermittlungen in \u00dcbereinstimmung mit den geltenden Datenschutzgesetzen zu.<\/p><hr \/><h3>Ihre Rechte<\/h3><p>Sie haben das Recht dazu:<\/p><ul><li>Zugang zu Ihren pers\u00f6nlichen Daten zu erhalten, sie zu korrigieren oder zu l\u00f6schen.<\/li><li>Abmeldung von Direktmarketing-Mitteilungen.<\/li><li>Reichen Sie eine Beschwerde bei einer Datenschutzbeh\u00f6rde ein, wenn Sie glauben, dass Ihre Rechte verletzt wurden.<\/li><\/ul><p>Um diese Rechte auszu\u00fcben, kontaktieren Sie uns bitte unter den unten angegebenen Kontaktdaten.<\/p><hr \/><h3>\u00c4nderungen an dieser Politik<\/h3><p>Wir behalten uns vor, diese Datenschutzrichtlinie von Zeit zu Zeit zu aktualisieren, um \u00c4nderungen unserer Praktiken zu ber\u00fccksichtigen oder aus anderen betrieblichen, rechtlichen oder regulatorischen Gr\u00fcnden. \u00c4nderungen werden auf dieser Seite ver\u00f6ffentlicht, und die aktualisierte Richtlinie wird ein Datum des Inkrafttretens enthalten.<\/p><hr \/><h3>Kontakt<\/h3><p>Wenn Sie Fragen oder Bedenken bez\u00fcglich Ihrer Privatsph\u00e4re haben, kontaktieren Sie uns bitte:<\/p><p><strong>Viva-Band<\/strong><br \/>E-Mail: <a href=\"mailto:info@vivatape.com\">contact@vivatape.com<\/a><br \/>Website: <a href=\"https:\/\/vivatape.com\/de\/\">https:\/\/vivatape.com\/<\/a><\/p>\t\t\t\t\t\t\t\t<\/div>\n\t\t\t\t<\/div>\n\t\t\t\t\t<\/div>\n\t\t\t\t<\/div>\n\t\t\t\t<\/div>","protected":false},"excerpt":{"rendered":"<p>Privacy Policy Your privacy is important to us. It is Viva Tape&#8217;s policy to respect your privacy and comply with any applicable law and regulation regarding any personal information we may collect about you, including across our website, https:\/\/vivatape.com\/. This policy is effective as of 1 November 2024 and was last updated on 6 January [&hellip;]<\/p>\n","protected":false},"author":1,"featured_media":0,"parent":0,"menu_order":0,"comment_status":"closed","ping_status":"closed","template":"","meta":{"_seopress_robots_primary_cat":"","_seopress_titles_title":"Privacy Policy | Viva Tape - Your Data, Our Responsibility","_seopress_titles_desc":"Discover how Viva Tape protects your personal information. Read our Privacy Policy to understand how we collect, use, and safeguard your data while offering premium custom mouth tapes and nasal strips.","_seopress_robots_index":"","footnotes":""},"class_list":["post-2485","page","type-page","status-publish","hentry"],"_links":{"self":[{"href":"https:\/\/vivatape.com\/de\/wp-json\/wp\/v2\/pages\/2485","targetHints":{"allow":["GET"]}}],"collection":[{"href":"https:\/\/vivatape.com\/de\/wp-json\/wp\/v2\/pages"}],"about":[{"href":"https:\/\/vivatape.com\/de\/wp-json\/wp\/v2\/types\/page"}],"author":[{"embeddable":true,"href":"https:\/\/vivatape.com\/de\/wp-json\/wp\/v2\/users\/1"}],"replies":[{"embeddable":true,"href":"https:\/\/vivatape.com\/de\/wp-json\/wp\/v2\/comments?post=2485"}],"version-history":[{"count":5,"href":"https:\/\/vivatape.com\/de\/wp-json\/wp\/v2\/pages\/2485\/revisions"}],"predecessor-version":[{"id":2492,"href":"https:\/\/vivatape.com\/de\/wp-json\/wp\/v2\/pages\/2485\/revisions\/2492"}],"wp:attachment":[{"href":"https:\/\/vivatape.com\/de\/wp-json\/wp\/v2\/media?parent=2485"}],"curies":[{"name":"wp","href":"https:\/\/api.w.org\/{rel}","templated":true}]}}