{"id":2495,"date":"2025-01-07T14:07:58","date_gmt":"2025-01-07T06:07:58","guid":{"rendered":"https:\/\/vivatape.com\/?page_id=2495"},"modified":"2025-01-07T14:09:44","modified_gmt":"2025-01-07T06:09:44","slug":"vilkar-betingelser","status":"publish","type":"page","link":"https:\/\/vivatape.com\/da\/terms-conditions\/","title":{"rendered":"Vilk\u00e5r og betingelser"},"content":{"rendered":"<div data-elementor-type=\"wp-page\" data-elementor-id=\"2495\" class=\"elementor elementor-2495\" data-elementor-post-type=\"page\">\n\t\t\t\t<div class=\"elementor-element elementor-element-36e28cc e-flex e-con-boxed e-con e-parent\" data-id=\"36e28cc\" data-element_type=\"container\" data-e-type=\"container\">\n\t\t\t\t\t<div class=\"e-con-inner\">\n\t\t\t\t<div class=\"elementor-element elementor-element-158e01d elementor-widget elementor-widget-text-editor\" data-id=\"158e01d\" data-element_type=\"widget\" data-e-type=\"widget\" data-widget_type=\"text-editor.default\">\n\t\t\t\t<div class=\"elementor-widget-container\">\n\t\t\t\t\t\t\t\t\t<h1>Vilk\u00e5r og betingelser<\/h1><p>Velkommen til Viva Tape!<\/p><p>Disse vilk\u00e5r og betingelser beskriver reglerne og forskrifterne for brugen af Viva Tapes websted, der ligger p\u00e5 <a href=\"https:\/\/vivatape.com\/da\/\">https:\/\/vivatape.com\/<\/a>.<\/p><p>Ved at g\u00e5 ind p\u00e5 denne hjemmeside antager vi, at du accepterer disse vilk\u00e5r og betingelser. Forts\u00e6t ikke med at bruge Viva Tape, hvis du ikke accepterer alle de vilk\u00e5r og betingelser, der er angivet p\u00e5 denne side.<\/p><hr \/><h3>Sm\u00e5kager<\/h3><p>Denne hjemmeside bruger cookies til at tilpasse din onlineoplevelse. Ved at g\u00e5 ind p\u00e5 Viva Tape accepterer du brugen af de n\u00f8dvendige cookies.<\/p><p>En cookie er en tekstfil, der placeres p\u00e5 din harddisk af en websideserver. Cookies kan ikke bruges til at k\u00f8re programmer eller levere virus til din computer. Cookies er unikt tildelt dig og kan kun l\u00e6ses af en webserver i det dom\u00e6ne, der udstedte cookien til dig.<\/p><p>Vi kan bruge cookies til at indsamle, gemme og spore oplysninger til statistiske eller markedsf\u00f8ringsm\u00e6ssige form\u00e5l for at drive vores websted. Du kan acceptere eller afvise valgfrie cookies. N\u00f8dvendige cookies, der er n\u00f8dvendige for driften af vores hjemmeside, kr\u00e6ver ikke dit samtykke. Bem\u00e6rk, at accept af n\u00f8dvendige cookies ogs\u00e5 betyder accept af tredjepartscookies, der bruges af integrerede tjenester, f.eks. videovinduer, der leveres af tredjeparter.<\/p><hr \/><h3>Licens<\/h3><p>Medmindre andet er angivet, ejer Viva Tape og\/eller dets licensgivere de intellektuelle ejendomsrettigheder til alt materiale p\u00e5 Viva Tape. Alle intellektuelle ejendomsrettigheder er forbeholdt. Du kan f\u00e5 adgang til dette fra Viva Tape til din egen personlige brug, underlagt begr\u00e6nsninger i disse vilk\u00e5r og betingelser.<\/p><p>Det m\u00e5 du ikke:<\/p><ul><li>Kopier eller genudgiv materiale fra Viva Tape<\/li><li>S\u00e6lge, udleje eller underlicensere materiale fra Viva Tape<\/li><li>Reproducere, duplikere eller kopiere materiale fra Viva Tape<\/li><li>Videreformidl indhold fra Viva Tape<\/li><\/ul><p>Denne aftale tr\u00e6der i kraft p\u00e5 datoen herfor.<\/p><hr \/><h3>Brugernes kommentarer<\/h3><p>Dele af dette websted kan give brugerne mulighed for at sende og udveksle meninger og oplysninger. Viva Tape filtrerer, redigerer, offentligg\u00f8r eller gennemg\u00e5r ikke kommentarer, f\u00f8r de vises p\u00e5 hjemmesiden. Kommentarer afspejler synspunkterne hos den person, der poster dem, og ikke synspunkterne hos Viva Tape, dets agenter eller tilknyttede selskaber.<\/p><p>I det omfang det er tilladt i henhold til g\u00e6ldende lovgivning, er Viva Tape ikke ansvarlig for noget ansvar, skader eller udgifter for\u00e5rsaget af brugen af og\/eller udstationering af og\/eller udseendet af kommentarerne p\u00e5 dette websted.<\/p><p>Du garanterer og erkl\u00e6rer, at:<\/p><ul><li>Du har ret til at skrive kommentarer p\u00e5 vores hjemmeside og har alle n\u00f8dvendige licenser og tilladelser til at g\u00f8re det.<\/li><li>Kommentarerne kr\u00e6nker ikke nogen intellektuelle ejendomsrettigheder, herunder, men ikke begr\u00e6nset til, ophavsret, patent eller varem\u00e6rke tilh\u00f8rende nogen tredjepart.<\/li><li>Kommentarerne m\u00e5 ikke indeholde \u00e6rekr\u00e6nkende, st\u00f8dende, uanst\u00e6ndigt eller p\u00e5 anden m\u00e5de ulovligt materiale.<\/li><li>Kommentarerne vil ikke blive brugt til at anmode om eller promovere forretning, skik og brug eller ulovlig aktivitet.<\/li><\/ul><p>Du giver hermed Viva Tape en ikke-eksklusiv licens til at bruge, reproducere, redigere og autorisere andre til at bruge, reproducere og redigere dine kommentarer i alle former, formater eller medier.<\/p><hr \/><h3>Hyperlink til vores indhold<\/h3><p>F\u00f8lgende organisationer kan linke til vores hjemmeside uden forudg\u00e5ende skriftlig godkendelse:<\/p><ul><li>Offentlige myndigheder<\/li><li>S\u00f8gemaskiner<\/li><li>Nyhedsorganisationer<\/li><li>Distribut\u00f8rer af onlinekataloger<\/li><li>Akkrediterede virksomheder i hele systemet, undtagen velg\u00f8rende nonprofitorganisationer, velg\u00f8renhedsindk\u00f8bscentre og velg\u00f8renhedsindsamlingsgrupper<\/li><\/ul><p>Disse organisationer kan linke til vores hjemmeside, publikationer eller andre oplysninger p\u00e5 hjemmesiden, s\u00e5 l\u00e6nge linket: (a) ikke er vildledende; (b) ikke fejlagtigt antyder sponsorering eller godkendelse; og (c) passer ind i sammenh\u00e6ngen p\u00e5 den linkende parts websted.<\/p><p>Vi kan godkende linkanmodninger fra andre organisationer, hvis:<\/p><ul><li>Linket f\u00e5r os ikke til at se d\u00e5rligt ud i forhold til os selv eller vores akkrediterede virksomheder.<\/li><li>Organisationen har ingen negative registreringer hos os.<\/li><li>Hyperlinkets synlighed kompenserer for frav\u00e6ret af Viva Tape.<\/li><li>Linket er i forbindelse med generel ressourceinformation.<\/li><\/ul><p>Godkendte organisationer kan hyperlinke til vores hjemmeside p\u00e5 f\u00f8lgende m\u00e5de:<\/p><ul><li>Ved brug af vores firmanavn.<\/li><li>Ved hj\u00e6lp af URL'en (Uniform Resource Locator).<\/li><li>Ved brug af enhver anden beskrivelse, der giver mening inden for konteksten og formatet p\u00e5 den linkende parts websted.<\/li><\/ul><p>Ingen brug af Viva Tapes logo eller andre illustrationer er tilladt uden en varem\u00e6rkelicensaftale.<\/p><hr \/><h3>Ansvar for indhold<\/h3><p>Vi er ikke ansvarlige for noget indhold, der vises p\u00e5 din hjemmeside. Du accepterer at beskytte og forsvare os mod krav, der opst\u00e5r p\u00e5 grund af din hjemmeside. Der m\u00e5 ikke vises links p\u00e5 nogen hjemmeside, der kan fortolkes som injurierende, uanst\u00e6ndig eller kriminel, eller som kr\u00e6nker, p\u00e5 anden m\u00e5de overtr\u00e6der eller opfordrer til kr\u00e6nkelse af tredjeparts rettigheder.<\/p><hr \/><h3>Ansvarsfraskrivelse<\/h3><p>I det maksimale omfang, det er tilladt i henhold til g\u00e6ldende lov, udelukker vi alle erkl\u00e6ringer, garantier og betingelser i forbindelse med vores websted og dets brug. Intet i denne ansvarsfraskrivelse vil:<\/p><ul><li>Begr\u00e6nse eller udelukke vores eller dit ansvar for d\u00f8d eller personskade.<\/li><li>Begr\u00e6nse eller udelukke vores eller dit ansvar for bedrageri eller svigagtig vildledning.<\/li><li>Begr\u00e6nse ethvert ansvar p\u00e5 en m\u00e5de, der ikke er tilladt i henhold til g\u00e6ldende lov.<\/li><li>Udeluk eventuelle forpligtelser, der ikke kan udelukkes i henhold til g\u00e6ldende lov.<\/li><\/ul><p>De begr\u00e6nsninger og forbud mod ansvar, der er fastsat i dette afsnit, g\u00e6lder for alle forpligtelser, der opst\u00e5r i henhold til denne ansvarsfraskrivelse, herunder forpligtelser, der opst\u00e5r i forbindelse med kontrakt, erstatning eller overtr\u00e6delse af lovbestemte forpligtelser.<\/p><p>S\u00e5 l\u00e6nge webstedet og oplysningerne og tjenesterne p\u00e5 webstedet stilles gratis til r\u00e5dighed, er vi ikke ansvarlige for tab eller skader af nogen art.<\/p>\t\t\t\t\t\t\t\t<\/div>\n\t\t\t\t<\/div>\n\t\t\t\t\t<\/div>\n\t\t\t\t<\/div>\n\t\t\t\t<\/div>","protected":false},"excerpt":{"rendered":"<p>Terms &amp; Conditions Welcome to Viva Tape! These terms and conditions outline the rules and regulations for the use of Viva Tape\u2019s Website, located at https:\/\/vivatape.com\/. By accessing this website, we assume you accept these terms and conditions. Do not continue to use Viva Tape if you do not agree to take all of the [&hellip;]<\/p>\n","protected":false},"author":1,"featured_media":0,"parent":0,"menu_order":0,"comment_status":"closed","ping_status":"closed","template":"","meta":{"_seopress_robots_primary_cat":"","_seopress_titles_title":"","_seopress_titles_desc":"","_seopress_robots_index":"","footnotes":""},"class_list":["post-2495","page","type-page","status-publish","hentry"],"_links":{"self":[{"href":"https:\/\/vivatape.com\/da\/wp-json\/wp\/v2\/pages\/2495","targetHints":{"allow":["GET"]}}],"collection":[{"href":"https:\/\/vivatape.com\/da\/wp-json\/wp\/v2\/pages"}],"about":[{"href":"https:\/\/vivatape.com\/da\/wp-json\/wp\/v2\/types\/page"}],"author":[{"embeddable":true,"href":"https:\/\/vivatape.com\/da\/wp-json\/wp\/v2\/users\/1"}],"replies":[{"embeddable":true,"href":"https:\/\/vivatape.com\/da\/wp-json\/wp\/v2\/comments?post=2495"}],"version-history":[{"count":4,"href":"https:\/\/vivatape.com\/da\/wp-json\/wp\/v2\/pages\/2495\/revisions"}],"predecessor-version":[{"id":2501,"href":"https:\/\/vivatape.com\/da\/wp-json\/wp\/v2\/pages\/2495\/revisions\/2501"}],"wp:attachment":[{"href":"https:\/\/vivatape.com\/da\/wp-json\/wp\/v2\/media?parent=2495"}],"curies":[{"name":"wp","href":"https:\/\/api.w.org\/{rel}","templated":true}]}}