{"id":2485,"date":"2025-01-07T11:37:25","date_gmt":"2025-01-07T03:37:25","guid":{"rendered":"https:\/\/vivatape.com\/?page_id=2485"},"modified":"2025-01-07T11:52:09","modified_gmt":"2025-01-07T03:52:09","slug":"privatlivspolitik","status":"publish","type":"page","link":"https:\/\/vivatape.com\/da\/privacy-policy\/","title":{"rendered":"Politik for beskyttelse af personlige oplysninger"},"content":{"rendered":"<div data-elementor-type=\"wp-page\" data-elementor-id=\"2485\" class=\"elementor elementor-2485\" data-elementor-post-type=\"page\">\n\t\t\t\t<div class=\"elementor-element elementor-element-73eb9ae e-flex e-con-boxed e-con e-parent\" data-id=\"73eb9ae\" data-element_type=\"container\" data-e-type=\"container\">\n\t\t\t\t\t<div class=\"e-con-inner\">\n\t\t\t\t<div class=\"elementor-element elementor-element-eb29869 elementor-widget elementor-widget-text-editor\" data-id=\"eb29869\" data-element_type=\"widget\" data-e-type=\"widget\" data-widget_type=\"text-editor.default\">\n\t\t\t\t<div class=\"elementor-widget-container\">\n\t\t\t\t\t\t\t\t\t<h1>Politik for beskyttelse af personlige oplysninger<\/h1><p>Dit privatliv er vigtigt for os. Det er Viva Tapes politik at respektere dit privatliv og overholde alle g\u00e6ldende love og regler vedr\u00f8rende alle personlige oplysninger, vi m\u00e5tte indsamle om dig, herunder p\u00e5 tv\u00e6rs af vores hjemmeside, <a href=\"https:\/\/vivatape.com\/da\/\">https:\/\/vivatape.com\/<\/a>.<\/p><p>Denne politik tr\u00e6der i kraft den 1. november 2024 og blev sidst opdateret den 6. januar 2025.<\/p><hr \/><h3>Oplysninger, vi indsamler<\/h3><p>Vi indsamler personlige oplysninger, som du bevidst og aktivt giver os, n\u00e5r du bruger eller deltager i nogen af vores tjenester og kampagner, samt alle oplysninger, der automatisk sendes af dine enheder, n\u00e5r du g\u00e5r ind p\u00e5 vores websted.<\/p><h4>Log-data<\/h4><p>N\u00e5r du bes\u00f8ger vores websted, kan vores servere automatisk logge de standarddata, der leveres af din webbrowser. Disse data kan omfatte din enheds IP-adresse (Internet Protocol), din browsertype og -version, de sider, du bes\u00f8ger, tidspunkt og dato for dit bes\u00f8g, den tid, du bruger p\u00e5 hver side, og tekniske detaljer om eventuelle fejl, du st\u00f8der p\u00e5.<\/p><p>Selvom disse oplysninger ikke kan identificere dig direkte, kan de potentielt kombineres med andre data for at identificere individuelle brugere.<\/p><h4>Personlig information<\/h4><p>Vi kan bede om personlige oplysninger, herunder, men ikke begr\u00e6nset til, f\u00f8lgende:<\/p><ul><li>Navn<\/li><li>E-mail-adresse<\/li><li>Virksomhedens navn<\/li><li>Telefonnummer<\/li><\/ul><hr \/><h3>S\u00e5dan bruger vi dine oplysninger<\/h3><p>Vi bruger dine personlige oplysninger til:<\/p><ul><li>Tilvejebringe, drive og vedligeholde vores websted.<\/li><li>Svar p\u00e5 dine foresp\u00f8rgsler eller giv tilbud og support.<\/li><li>Tilpas din oplevelse p\u00e5 vores hjemmeside.<\/li><li>Gennemf\u00f8re analyser og markedsunders\u00f8gelser for at forbedre vores tjenester.<\/li><\/ul><p>Vi indsamler og bruger kun dine personlige oplysninger til legitime form\u00e5l og til at opfylde vores kontraktlige eller juridiske forpligtelser.<\/p><hr \/><h3>Sikkerhed for dine personlige oplysninger<\/h3><p>Vi er forpligtet til at beskytte dine personlige oplysninger. Vi gennemf\u00f8rer kommercielt acceptable foranstaltninger for at forhindre tab, tyveri, uautoriseret adgang, videregivelse, kopiering, brug eller \u00e6ndring af dine personlige data.<\/p><p>Bem\u00e6rk dog, at ingen overf\u00f8rsels- eller opbevaringsmetode er helt sikker. Selv om vi bestr\u00e6ber os p\u00e5 at beskytte dine oplysninger, kan vi ikke garantere deres absolutte sikkerhed.<\/p><hr \/><h3>Opbevaring af oplysninger<\/h3><p>Vi opbevarer kun dine personlige oplysninger, s\u00e5 l\u00e6nge det er n\u00f8dvendigt for at opfylde de form\u00e5l, der er beskrevet i denne privatlivspolitik, eller som loven kr\u00e6ver. Hvis der ikke l\u00e6ngere er brug for dine personlige oplysninger, sletter eller anonymiserer vi dem p\u00e5 en sikker m\u00e5de.<\/p><hr \/><h3>B\u00f8rns privatliv<\/h3><p>Vores hjemmeside og tjenester er ikke beregnet til b\u00f8rn under 13 \u00e5r, og vi indsamler ikke bevidst personlige oplysninger fra b\u00f8rn.<\/p><hr \/><h3>Cookies og sporingsteknologier<\/h3><p>Vi bruger cookies til at forbedre din browseroplevelse, analysere hjemmesidens ydeevne og forst\u00e5 brugernes pr\u00e6ferencer. Du kan administrere dine cookie-pr\u00e6ferencer via dine browserindstillinger.<\/p><hr \/><h3>Internationale dataoverf\u00f8rsler<\/h3><p>Dine personlige oplysninger kan blive gemt og behandlet p\u00e5 steder uden for dit bop\u00e6lsland. Ved at give dine data giver du samtykke til s\u00e5danne overf\u00f8rsler i overensstemmelse med g\u00e6ldende databeskyttelseslove.<\/p><hr \/><h3>Dine rettigheder<\/h3><p>Det har du ret til:<\/p><ul><li>F\u00e5 adgang til, rette eller slette dine personlige oplysninger.<\/li><li>Fravalg af direkte markedsf\u00f8ringskommunikation.<\/li><li>Indgiv en klage til en databeskyttelsesmyndighed, hvis du mener, at dine rettigheder er blevet kr\u00e6nket.<\/li><\/ul><p>For at ud\u00f8ve disse rettigheder bedes du kontakte os ved hj\u00e6lp af nedenst\u00e5ende oplysninger.<\/p><hr \/><h3>\u00c6ndringer af denne politik<\/h3><p>Vi kan opdatere denne privatlivspolitik fra tid til anden for at afspejle \u00e6ndringer i vores praksis eller af andre driftsm\u00e6ssige, juridiske eller lovgivningsm\u00e6ssige \u00e5rsager. \u00c6ndringer vil blive sl\u00e5et op p\u00e5 denne side, og den opdaterede politik vil indeholde en ikrafttr\u00e6delsesdato.<\/p><hr \/><h3>Kontakt os<\/h3><p>Hvis du har sp\u00f8rgsm\u00e5l eller bekymringer vedr\u00f8rende dit privatliv, bedes du kontakte os:<\/p><p><strong>Viva Tape<\/strong><br \/>E-mail: <a href=\"mailto:info@vivatape.com\">contact@vivatape.com<\/a><br \/>Hjemmeside: <a href=\"https:\/\/vivatape.com\/da\/\">https:\/\/vivatape.com\/<\/a><\/p>\t\t\t\t\t\t\t\t<\/div>\n\t\t\t\t<\/div>\n\t\t\t\t\t<\/div>\n\t\t\t\t<\/div>\n\t\t\t\t<\/div>","protected":false},"excerpt":{"rendered":"<p>Privacy Policy Your privacy is important to us. It is Viva Tape&#8217;s policy to respect your privacy and comply with any applicable law and regulation regarding any personal information we may collect about you, including across our website, https:\/\/vivatape.com\/. This policy is effective as of 1 November 2024 and was last updated on 6 January [&hellip;]<\/p>\n","protected":false},"author":1,"featured_media":0,"parent":0,"menu_order":0,"comment_status":"closed","ping_status":"closed","template":"","meta":{"_seopress_robots_primary_cat":"","_seopress_titles_title":"Privacy Policy | Viva Tape - Your Data, Our Responsibility","_seopress_titles_desc":"Discover how Viva Tape protects your personal information. Read our Privacy Policy to understand how we collect, use, and safeguard your data while offering premium custom mouth tapes and nasal strips.","_seopress_robots_index":"","footnotes":""},"class_list":["post-2485","page","type-page","status-publish","hentry"],"_links":{"self":[{"href":"https:\/\/vivatape.com\/da\/wp-json\/wp\/v2\/pages\/2485","targetHints":{"allow":["GET"]}}],"collection":[{"href":"https:\/\/vivatape.com\/da\/wp-json\/wp\/v2\/pages"}],"about":[{"href":"https:\/\/vivatape.com\/da\/wp-json\/wp\/v2\/types\/page"}],"author":[{"embeddable":true,"href":"https:\/\/vivatape.com\/da\/wp-json\/wp\/v2\/users\/1"}],"replies":[{"embeddable":true,"href":"https:\/\/vivatape.com\/da\/wp-json\/wp\/v2\/comments?post=2485"}],"version-history":[{"count":5,"href":"https:\/\/vivatape.com\/da\/wp-json\/wp\/v2\/pages\/2485\/revisions"}],"predecessor-version":[{"id":2492,"href":"https:\/\/vivatape.com\/da\/wp-json\/wp\/v2\/pages\/2485\/revisions\/2492"}],"wp:attachment":[{"href":"https:\/\/vivatape.com\/da\/wp-json\/wp\/v2\/media?parent=2485"}],"curies":[{"name":"wp","href":"https:\/\/api.w.org\/{rel}","templated":true}]}}